{"id":532,"date":"2018-12-03T21:29:56","date_gmt":"2018-12-03T18:29:56","guid":{"rendered":"http:\/\/www.safak.com\/?page_id=532"},"modified":"2024-05-20T19:42:18","modified_gmt":"2024-05-20T16:42:18","slug":"karriere","status":"publish","type":"page","link":"https:\/\/www.safak.com\/de\/karriere\/","title":{"rendered":"Karriere"},"content":{"rendered":"<h3>StaPraktikumj<\/h3>\n<p>Wir haben 3 verschiedene Praktikumsoptionen:<\/p>\n<ul>\n<li>Berufsschule-Praktikum<\/li>\n<li>Sommerpraktikum<\/li>\n<li>Praktikum in der betrieblichen Ausbildung<\/li>\n<\/ul>\n<p>Berufsschulen-Gymnasiasten werden gem\u00e4\u00df dem Gesetz Nr. 3308 an drei Tagen in der Woche Praktikumsm\u00f6glichkeiten angeboten. Sommerpraktikumsm\u00f6glichkeiten f\u00fcr Studenten im 3. und 4. Studienjahr, die an Pflichtpraktika der Universit\u00e4ten teilnehmen, vorzugsweise in den Abteilungen Maschinenbau, Elektrotechnik, Industrie, Mechatronik, Materialwissenschaft und Metallurgie, Betriebswirtschaft und \u00d6konomie (Juni-Juli \/ August-September)<\/p>\n<h3>Rekrutierung<\/h3>\n<p>Die Auswahl des relevanten Personals erfolgt unter den Kandidaten, die Arbeit, Wissen, F\u00e4higkeiten, Erfahrung und angemessene Verhaltensweisen definiert haben, die sich auf den Arbeitsplatz beziehen.<\/p>\n<p>Beim Personaleinsatz werden zun\u00e4chst die Bewerbungen an unser Unternehmen gepr\u00fcft und falls keine geeigneten Kandidaten vorhanden sind, wird \u00fcber die Personalportale im Internet eine Bekanntmachung f\u00fcr die betreffende Stelle ver\u00f6ffentlicht.<\/p>\n<p><strong>Zur Verf\u00fcgung stehende Stellen:<\/strong><\/p>\n<ul>\n<li>Metallbearbeitung<\/li>\n<li>Rohrformung<\/li>\n<li>Produktionsplanung und Logistik<\/li>\n<li>Qualit\u00e4t<\/li>\n<li>Ingenieurwesen<\/li>\n<li>F &amp; E<\/li>\n<li>Export-Import<\/li>\n<li>Vertrieb und Marketing<\/li>\n<li>Einkauf<\/li>\n<li>Informationsverarbeitung<\/li>\n<li>Buchhaltung<\/li>\n<li>Personalwesen<\/li>\n<\/ul>\n<p>** Bewerbungen, die \u00fcber das Internet oder auf andere Weise erfolgen, werden in unserer Personaldatenbank gespeichert und bei offenen Stellen bewertet. Bewerbungen werden erst nach der Bewertung beantwortet.<\/p>\n<h2><strong>Nehmen Sie bei uns teil<\/strong><\/h2>\n<div class=\"forminator-ui forminator-custom-form forminator-custom-form-2360 forminator-design--flat  forminator_ajax\" data-forminator-render=\"0\" data-form=\"forminator-module-2360\" data-uid=\"69f78d8ce959d\"><br\/><\/div><form\n\t\t\t\tid=\"forminator-module-2360\"\n\t\t\t\tclass=\"forminator-ui forminator-custom-form forminator-custom-form-2360 forminator-design--flat  forminator_ajax\"\n\t\t\t\tmethod=\"post\"\n\t\t\t\tdata-forminator-render=\"0\"\n\t\t\t\tdata-form-id=\"2360\"\n\t\t\t\t\n\t\t\t\tdata-design=\"flat\"\n\t\t\t\t\n\t\t\t\t\n\t\t\t\t\n\t\t\t\tdata-grid=\"open\"\n\t\t\t\tenctype=\"multipart\/form-data\"\n\t\t\t\t\n\t\t\t\tstyle=\"display: none;\"\n\t\t\t\t\n\t\t\t\tdata-uid=\"69f78d8ce959d\"\n\t\t\t><div role=\"alert\" aria-live=\"polite\" class=\"forminator-response-message forminator-error\" aria-hidden=\"true\"><\/div><div class=\"forminator-row\"><div id=\"name-1\" class=\"forminator-field-name forminator-col forminator-col-6 \"><div class=\"forminator-field\"><label for=\"forminator-field-name-1_69f78d8ce959d\" id=\"forminator-field-name-1_69f78d8ce959d-label\" class=\"forminator-label\">Name Nachname <span class=\"forminator-required\">*<\/span><\/label><input type=\"text\" name=\"name-1\" value=\"\" placeholder=\"\" id=\"forminator-field-name-1_69f78d8ce959d\" class=\"forminator-input forminator-name--field\" aria-required=\"true\" \/><\/div><\/div><div id=\"select-1\" class=\"forminator-field-select forminator-col forminator-col-6 \"><div class=\"forminator-field\"><label for=\"forminator-form-2360__field--select-1_69f78d8ce959d\" id=\"forminator-form-2360__field--select-1_69f78d8ce959d-label\" class=\"forminator-label\">Geschlecht <span class=\"forminator-required\">*<\/span><\/label><select id=\"forminator-form-2360__field--select-1_69f78d8ce959d\" class=\"forminator-select--field forminator-select2\" data-required=\"1\" name=\"select-1\" data-default-value=\"\" data-hidden-behavior=\"zero\" data-placeholder=\"Bitte ausw\u00e4hlen\" data-search=\"false\" aria-labelledby=\"forminator-form-2360__field--select-1_69f78d8ce959d-label\" aria-describedby=\"forminator-form-2360__field--select-1_69f78d8ce959d-description\"><option value=\"\">Bitte ausw\u00e4hlen<\/option><option value=\"one\"  data-calculation=\"0\">Erkek<\/option><option value=\"two\"  data-calculation=\"0\">Kad\u0131n<\/option><\/select><\/div><\/div><\/div><div class=\"forminator-row\"><div id=\"date-1\" class=\"forminator-field-date forminator-col forminator-col-6 \"><div class=\"forminator-field\"><label for=\"forminator-field-date-1-picker_69f78d8ce959d\" id=\"forminator-field-date-1-picker_69f78d8ce959d-label\" class=\"forminator-label\">Geburtsdatum <span class=\"forminator-required\">*<\/span><\/label><div class=\"forminator-input-with-icon\"><label for=\"forminator-field-date-1-picker_69f78d8ce959d\"><span class=\"forminator-icon-calendar\" aria-hidden=\"true\"><\/span><\/label><input autocomplete=\"off\" type=\"text\" size=\"1\" name=\"date-1\" value=\"\" placeholder=\"Datum ausw\u00e4hlen\" id=\"forminator-field-date-1-picker_69f78d8ce959d\" class=\"forminator-input forminator-datepicker\" data-required=\"1\" data-format=\"mm\/dd\/yy\" data-restrict-type=\"\" data-restrict=\"\" data-start-year=\"1926\" data-end-year=\"2126\" data-past-dates=\"enable\" data-start-of-week=\"1\" data-start-date=\"\" data-end-date=\"\" data-start-field=\"\" data-end-field=\"\" data-start-offset=\"\" data-end-offset=\"\" data-disable-date=\"\" data-disable-range=\"\" \/><\/div><\/div><\/div><div id=\"text-1\" class=\"forminator-field-text forminator-col forminator-col-6 \"><div class=\"forminator-field\"><label for=\"forminator-field-text-1_69f78d8ce959d\" id=\"forminator-field-text-1_69f78d8ce959d-label\" class=\"forminator-label\">Geburtsort<\/label><input type=\"text\" name=\"text-1\" value=\"\" placeholder=\"\" id=\"forminator-field-text-1_69f78d8ce959d\" class=\"forminator-input forminator-name--field\" data-required=\"\" \/><\/div><\/div><\/div><div class=\"forminator-row\"><div id=\"text-3\" class=\"forminator-field-text forminator-col forminator-col-6 \"><div class=\"forminator-field\"><label for=\"forminator-field-text-3_69f78d8ce959d\" id=\"forminator-field-text-3_69f78d8ce959d-label\" class=\"forminator-label\">Haustelefon<\/label><input type=\"text\" name=\"text-3\" value=\"\" placeholder=\"\" id=\"forminator-field-text-3_69f78d8ce959d\" class=\"forminator-input forminator-name--field\" data-required=\"\" \/><\/div><\/div><div id=\"text-4\" class=\"forminator-field-text forminator-col forminator-col-6 \"><div class=\"forminator-field\"><label for=\"forminator-field-text-4_69f78d8ce959d\" id=\"forminator-field-text-4_69f78d8ce959d-label\" class=\"forminator-label\">Mobiltelefon <span class=\"forminator-required\">*<\/span><\/label><input type=\"text\" name=\"text-4\" value=\"\" placeholder=\"\" id=\"forminator-field-text-4_69f78d8ce959d\" class=\"forminator-input forminator-name--field\" data-required=\"1\" \/><\/div><\/div><\/div><div class=\"forminator-row\"><div id=\"email-1\" class=\"forminator-field-email forminator-col forminator-col-6 \"><div class=\"forminator-field\"><label for=\"forminator-field-email-1_69f78d8ce959d\" id=\"forminator-field-email-1_69f78d8ce959d-label\" class=\"forminator-label\">E-Mail-Adresse <span class=\"forminator-required\">*<\/span><\/label><input type=\"email\" name=\"email-1\" value=\"\" placeholder=\"\" id=\"forminator-field-email-1_69f78d8ce959d\" class=\"forminator-input forminator-email--field\" data-required=\"1\" aria-required=\"true\" \/><\/div><\/div><div id=\"text-5\" class=\"forminator-field-text forminator-col forminator-col-6 \"><div class=\"forminator-field\"><label for=\"forminator-field-text-5_69f78d8ce959d\" id=\"forminator-field-text-5_69f78d8ce959d-label\" class=\"forminator-label\">Anschrift <span class=\"forminator-required\">*<\/span><\/label><input type=\"text\" name=\"text-5\" value=\"\" placeholder=\"\" id=\"forminator-field-text-5_69f78d8ce959d\" class=\"forminator-input forminator-name--field\" data-required=\"1\" \/><\/div><\/div><\/div><div class=\"forminator-row\"><div id=\"select-2\" class=\"forminator-field-select forminator-col forminator-col-6 \"><div class=\"forminator-field\"><label for=\"forminator-form-2360__field--select-2_69f78d8ce959d\" id=\"forminator-form-2360__field--select-2_69f78d8ce959d-label\" class=\"forminator-label\">Familienstand <span class=\"forminator-required\">*<\/span><\/label><select id=\"forminator-form-2360__field--select-2_69f78d8ce959d\" class=\"forminator-select--field forminator-select2\" data-required=\"1\" name=\"select-2\" data-default-value=\"\" data-hidden-behavior=\"zero\" data-placeholder=\"Bitte ausw\u00e4hlen\" data-search=\"false\" aria-labelledby=\"forminator-form-2360__field--select-2_69f78d8ce959d-label\" aria-describedby=\"forminator-form-2360__field--select-2_69f78d8ce959d-description\"><option value=\"\">Bitte ausw\u00e4hlen<\/option><option value=\"one\"  data-calculation=\"0\">Single<\/option><option value=\"two\"  data-calculation=\"0\">Verheiratet<\/option><\/select><\/div><\/div><div id=\"text-2\" class=\"forminator-field-text forminator-col forminator-col-6 \"><div class=\"forminator-field\"><label for=\"forminator-field-text-2_69f78d8ce959d\" id=\"forminator-field-text-2_69f78d8ce959d-label\" class=\"forminator-label\">F\u00fchrerschein (Datum und Klasse)<\/label><input type=\"text\" name=\"text-2\" value=\"\" placeholder=\"\" id=\"forminator-field-text-2_69f78d8ce959d\" class=\"forminator-input forminator-name--field\" data-required=\"\" \/><\/div><\/div><\/div><div class=\"forminator-row\"><div id=\"select-3\" class=\"forminator-field-select forminator-col forminator-col-6 \"><div class=\"forminator-field\"><label for=\"forminator-form-2360__field--select-3_69f78d8ce959d\" id=\"forminator-form-2360__field--select-3_69f78d8ce959d-label\" class=\"forminator-label\">Milit\u00e4rdienst<\/label><select id=\"forminator-form-2360__field--select-3_69f78d8ce959d\" class=\"forminator-select--field forminator-select2\" data-required=\"\" name=\"select-3\" data-default-value=\"\" data-hidden-behavior=\"zero\" data-placeholder=\"Bitte ausw\u00e4hlen\" data-search=\"false\" aria-labelledby=\"forminator-form-2360__field--select-3_69f78d8ce959d-label\" aria-describedby=\"forminator-form-2360__field--select-3_69f78d8ce959d-description\"><option value=\"\">Bitte ausw\u00e4hlen<\/option><option value=\"one\"  data-calculation=\"0\">Erledigt<\/option><option value=\"two\"  data-calculation=\"0\">Verschoben<\/option><option value=\"Tecilli\"  data-calculation=\"0\">Befreit<\/option><\/select><\/div><\/div><div id=\"select-4\" class=\"forminator-field-select forminator-col forminator-col-6 \"><div class=\"forminator-field\"><label for=\"forminator-form-2360__field--select-4_69f78d8ce959d\" id=\"forminator-form-2360__field--select-4_69f78d8ce959d-label\" class=\"forminator-label\">Ausbildung<\/label><select id=\"forminator-form-2360__field--select-4_69f78d8ce959d\" class=\"forminator-select--field forminator-select2\" data-required=\"\" name=\"select-4\" data-default-value=\"\" data-hidden-behavior=\"zero\" data-placeholder=\"Bitte ausw\u00e4hlen\" data-search=\"false\" aria-labelledby=\"forminator-form-2360__field--select-4_69f78d8ce959d-label\" aria-describedby=\"forminator-form-2360__field--select-4_69f78d8ce959d-description\"><option value=\"\">Bitte ausw\u00e4hlen<\/option><option value=\"one\"  data-calculation=\"0\">Grundschule<\/option><option value=\"two\"  data-calculation=\"0\">Mittelschule<\/option><option value=\"Tecilli\"  data-calculation=\"0\">Gymnasium<\/option><option value=\"Muaf\"  data-calculation=\"0\">High School<\/option><option value=\"Lisans\"  data-calculation=\"0\">Lizenz<\/option><option value=\"Y\u00fcksek-Lisans\"  data-calculation=\"0\">Master-Abschluss<\/option><\/select><\/div><\/div><\/div><div class=\"forminator-row\"><div id=\"text-6\" class=\"forminator-field-text forminator-col forminator-col-6 \"><div class=\"forminator-field\"><label for=\"forminator-field-text-6_69f78d8ce959d\" id=\"forminator-field-text-6_69f78d8ce959d-label\" class=\"forminator-label\">En Son Bitirilen Okulun Ad\u0131 <span class=\"forminator-required\">*<\/span><\/label><input type=\"text\" name=\"text-6\" value=\"\" placeholder=\"\" id=\"forminator-field-text-6_69f78d8ce959d\" class=\"forminator-input forminator-name--field\" data-required=\"1\" \/><\/div><\/div><div id=\"text-7\" class=\"forminator-field-text forminator-col forminator-col-6 \"><div class=\"forminator-field\"><label for=\"forminator-field-text-7_69f78d8ce959d\" id=\"forminator-field-text-7_69f78d8ce959d-label\" class=\"forminator-label\">Beruf<\/label><input type=\"text\" name=\"text-7\" value=\"\" placeholder=\"\" id=\"forminator-field-text-7_69f78d8ce959d\" class=\"forminator-input forminator-name--field\" data-required=\"\" \/><\/div><\/div><\/div><div class=\"forminator-row\"><div id=\"text-8\" class=\"forminator-field-text forminator-col forminator-col-6 \"><div class=\"forminator-field\"><label for=\"forminator-field-text-8_69f78d8ce959d\" id=\"forminator-field-text-8_69f78d8ce959d-label\" class=\"forminator-label\">Sprachkenntnisse<\/label><input type=\"text\" name=\"text-8\" value=\"\" placeholder=\"\" id=\"forminator-field-text-8_69f78d8ce959d\" class=\"forminator-input forminator-name--field\" data-required=\"\" \/><\/div><\/div><div id=\"text-9\" class=\"forminator-field-text forminator-col forminator-col-6 \"><div class=\"forminator-field\"><label for=\"forminator-field-text-9_69f78d8ce959d\" id=\"forminator-field-text-9_69f78d8ce959d-label\" class=\"forminator-label\">Gew\u00fcnschte Abteilung<\/label><input type=\"text\" name=\"text-9\" value=\"\" placeholder=\"\" id=\"forminator-field-text-9_69f78d8ce959d\" class=\"forminator-input forminator-name--field\" data-required=\"\" \/><\/div><\/div><\/div><div class=\"forminator-row\"><div id=\"text-10\" class=\"forminator-field-text forminator-col forminator-col-6 \"><div class=\"forminator-field\"><label for=\"forminator-field-text-10_69f78d8ce959d\" id=\"forminator-field-text-10_69f78d8ce959d-label\" class=\"forminator-label\">Letzter Arbeitsplatz<\/label><input type=\"text\" name=\"text-10\" value=\"\" placeholder=\"\" id=\"forminator-field-text-10_69f78d8ce959d\" class=\"forminator-input forminator-name--field\" data-required=\"\" \/><\/div><\/div><div id=\"text-11\" class=\"forminator-field-text forminator-col forminator-col-6 \"><div class=\"forminator-field\"><label for=\"forminator-field-text-11_69f78d8ce959d\" id=\"forminator-field-text-11_69f78d8ce959d-label\" class=\"forminator-label\">Position am letzten Arbeitsplatz<\/label><input type=\"text\" name=\"text-11\" value=\"\" placeholder=\"\" id=\"forminator-field-text-11_69f78d8ce959d\" class=\"forminator-input forminator-name--field\" data-required=\"\" \/><\/div><\/div><\/div><div class=\"forminator-row\"><div id=\"text-12\" class=\"forminator-field-text forminator-col forminator-col-6 \"><div class=\"forminator-field\"><label for=\"forminator-field-text-12_69f78d8ce959d\" id=\"forminator-field-text-12_69f78d8ce959d-label\" class=\"forminator-label\">Ihr Nettolohn<\/label><input type=\"text\" name=\"text-12\" value=\"\" placeholder=\"\" id=\"forminator-field-text-12_69f78d8ce959d\" class=\"forminator-input forminator-name--field\" data-required=\"\" \/><\/div><\/div><div id=\"text-13\" class=\"forminator-field-text forminator-col forminator-col-6 \"><div class=\"forminator-field\"><label for=\"forminator-field-text-13_69f78d8ce959d\" id=\"forminator-field-text-13_69f78d8ce959d-label\" class=\"forminator-label\">Grund f\u00fcr den Austritt<\/label><input type=\"text\" name=\"text-13\" value=\"\" placeholder=\"\" id=\"forminator-field-text-13_69f78d8ce959d\" class=\"forminator-input forminator-name--field\" data-required=\"\" \/><\/div><\/div><\/div><div class=\"forminator-row\"><div id=\"text-14\" class=\"forminator-field-text forminator-col forminator-col-6 \"><div class=\"forminator-field\"><label for=\"forminator-field-text-14_69f78d8ce959d\" id=\"forminator-field-text-14_69f78d8ce959d-label\" class=\"forminator-label\">Arbeitszeitraum<\/label><input type=\"text\" name=\"text-14\" value=\"\" placeholder=\"\" id=\"forminator-field-text-14_69f78d8ce959d\" class=\"forminator-input forminator-name--field\" data-required=\"\" \/><\/div><\/div><div id=\"date-2\" class=\"forminator-field-date forminator-col forminator-col-6 \"><div class=\"forminator-field\"><label for=\"forminator-field-date-2-picker_69f78d8ce959d\" id=\"forminator-field-date-2-picker_69f78d8ce959d-label\" class=\"forminator-label\">Datum, an dem Sie die Arbeit aufnehmen k\u00f6nnen<\/label><div class=\"forminator-input-with-icon\"><label for=\"forminator-field-date-2-picker_69f78d8ce959d\"><span class=\"forminator-icon-calendar\" aria-hidden=\"true\"><\/span><\/label><input autocomplete=\"off\" type=\"text\" size=\"1\" name=\"date-2\" value=\"\" placeholder=\"Datum ausw\u00e4hlen\" id=\"forminator-field-date-2-picker_69f78d8ce959d\" class=\"forminator-input forminator-datepicker\" data-required=\"\" data-format=\"mm\/dd\/yy\" data-restrict-type=\"\" data-restrict=\"\" data-start-year=\"1926\" data-end-year=\"2126\" data-past-dates=\"enable\" data-start-of-week=\"1\" data-start-date=\"\" data-end-date=\"\" data-start-field=\"\" data-end-field=\"\" data-start-offset=\"\" data-end-offset=\"\" data-disable-date=\"\" data-disable-range=\"\" \/><\/div><\/div><\/div><\/div><div class=\"forminator-row\"><div id=\"upload-1\" class=\"forminator-field-upload forminator-col forminator-col-12 \"><div class=\"forminator-field\"><label for=\"forminator-field-upload-1_69f78d8ce959d\" id=\"forminator-field-upload-1_69f78d8ce959d-label\" class=\"forminator-label\">Upload CV<\/label><div class=\"forminator-file-upload \" data-element=\"upload-1_69f78d8ce959d\" aria-describedby=\"forminator-field-upload-1_69f78d8ce959d-description\"><input type=\"file\" name=\"upload-1\" id=\"forminator-field-upload-1_69f78d8ce959d\" class=\"forminator-input-file\" accept=\".jpg,.jpeg,.jpe,.gif,.png,.bmp,.tiff,.tif,.webp,.avif,.ico,.heic,.asf,.asx,.wmv,.wmx,.wm,.avi,.divx,.flv,.mov,.qt,.mpeg,.mpg,.mpe,.mp4,.m4v,.ogv,.webm,.mkv,.3gp,.3gpp,.3g2,.3gp2,.txt,.asc,.c,.cc,.h,.srt,.csv,.tsv,.ics,.rtx,.css,.htm,.html,.vtt,.dfxp,.mp3,.m4a,.m4b,.aac,.ra,.ram,.wav,.ogg,.oga,.flac,.mid,.midi,.wma,.wax,.mka,.rtf,.js,.pdf,.class,.tar,.zip,.gz,.gzip,.rar,.7z,.psd,.xcf,.doc,.pot,.pps,.ppt,.wri,.xla,.xls,.xlt,.xlw,.mdb,.mpp,.docx,.docm,.dotx,.dotm,.xlsx,.xlsm,.xlsb,.xltx,.xltm,.xlam,.pptx,.pptm,.ppsx,.ppsm,.potx,.potm,.ppam,.sldx,.sldm,.onetoc,.onetoc2,.onetmp,.onepkg,.oxps,.xps,.odt,.odp,.ods,.odg,.odc,.odb,.odf,.wp,.wpd,.key,.numbers,.pages\"><button id=\"forminator-field-upload-1_69f78d8ce959d_button\" class=\"forminator-button forminator-button-upload\" data-id=\"forminator-field-upload-1_69f78d8ce959d\">Dosya Se\u00e7<\/button><span data-empty-text=\"Dosya se\u00e7ilmedi\">Dosya se\u00e7ilmedi<\/span><button class=\"forminator-button-delete\" style=\"display: none;\"><i class=\"forminator-icon-close\" aria-hidden=\"true\"><\/i><span class=\"forminator-screen-reader-only\">Y\u00fcklenen dosyay\u0131 sil<\/span><\/button><\/div><span id=\"forminator-field-upload-1_69f78d8ce959d-description\" class=\"forminator-description\">Wenn Sie m\u00f6chten, k\u00f6nnen Sie hier Ihren Lebenslauf hochladen.<\/span><\/div><\/div><\/div><input type=\"hidden\" name=\"referer_url\" value=\"\" \/><div class=\"forminator-row forminator-row-last\"><div class=\"forminator-col\"><div class=\"forminator-field\"><button class=\"forminator-button forminator-button-submit\">G&ouml;nder<\/button><\/div><\/div><\/div><input type=\"hidden\" id=\"forminator_nonce\" name=\"forminator_nonce\" value=\"f2999ce085\" \/><input type=\"hidden\" name=\"_wp_http_referer\" value=\"\/de\/wp-json\/wp\/v2\/pages\/532\" \/><input type=\"hidden\" name=\"form_id\" value=\"2360\"><input type=\"hidden\" name=\"page_id\" value=\"532\"><input type=\"hidden\" name=\"form_type\" value=\"default\"><input type=\"hidden\" name=\"current_url\" value=\"https:\/\/www.safak.com\/de\/karriere\/\"><input type=\"hidden\" name=\"render_id\" value=\"0\"><input type=\"hidden\" name=\"action\" value=\"forminator_submit_form_custom-forms\"><\/form>\n","protected":false},"excerpt":{"rendered":"<p>StaPraktikumj Wir haben 3 verschiedene Praktikumsoptionen: Berufsschule-Praktikum Sommerpraktikum Praktikum in der betrieblichen Ausbildung Berufsschulen-Gymnasiasten werden gem\u00e4\u00df dem Gesetz Nr. 3308 an drei Tagen in der Woche Praktikumsm\u00f6glichkeiten angeboten. Sommerpraktikumsm\u00f6glichkeiten f\u00fcr Studenten im 3. und 4. Studienjahr, die an Pflichtpraktika der Universit\u00e4ten teilnehmen, vorzugsweise in den Abteilungen Maschinenbau, Elektrotechnik, Industrie, Mechatronik, Materialwissenschaft und Metallurgie, Betriebswirtschaft und [&hellip;]<\/p>\n","protected":false},"author":1,"featured_media":0,"parent":0,"menu_order":0,"comment_status":"closed","ping_status":"closed","template":"pages\/page-full.php","meta":{"footnotes":""},"_links":{"self":[{"href":"https:\/\/www.safak.com\/de\/wp-json\/wp\/v2\/pages\/532"}],"collection":[{"href":"https:\/\/www.safak.com\/de\/wp-json\/wp\/v2\/pages"}],"about":[{"href":"https:\/\/www.safak.com\/de\/wp-json\/wp\/v2\/types\/page"}],"author":[{"embeddable":true,"href":"https:\/\/www.safak.com\/de\/wp-json\/wp\/v2\/users\/1"}],"replies":[{"embeddable":true,"href":"https:\/\/www.safak.com\/de\/wp-json\/wp\/v2\/comments?post=532"}],"version-history":[{"count":23,"href":"https:\/\/www.safak.com\/de\/wp-json\/wp\/v2\/pages\/532\/revisions"}],"predecessor-version":[{"id":2361,"href":"https:\/\/www.safak.com\/de\/wp-json\/wp\/v2\/pages\/532\/revisions\/2361"}],"wp:attachment":[{"href":"https:\/\/www.safak.com\/de\/wp-json\/wp\/v2\/media?parent=532"}],"curies":[{"name":"wp","href":"https:\/\/api.w.org\/{rel}","templated":true}]}}