{"id":535,"date":"2018-12-03T21:31:02","date_gmt":"2018-12-03T18:31:02","guid":{"rendered":"http:\/\/www.safak.com\/?page_id=535"},"modified":"2019-04-12T12:11:23","modified_gmt":"2019-04-12T09:11:23","slug":"unsere-tatigkeiten","status":"publish","type":"page","link":"https:\/\/www.safak.com\/de\/unsere-tatigkeiten\/","title":{"rendered":"Unsere T\u00e4tigkeiten"},"content":{"rendered":"<h2><strong>Karrierereise<\/strong><\/h2>\n<h4><strong>Ausbildung &amp; Entwicklung<\/strong><\/h4>\n<p>Die Schulungsprogramme sind zu verschiedenen Themen organisiert, um die pers\u00f6nliche Entwicklung zu unterst\u00fctzen, die F\u00e4higkeiten und Kompetenzen unserer Mitarbeiter zu entwickeln, ein Umfeld zu schaffen, in dem sie ihre Erfahrungen austauschen k\u00f6nnen, und Bewusstsein und Synergien zu schaffen. F\u00fcr neu eingestellte Mitarbeiter wird ein Orientierungsprogramm organisiert, dessen Anpassung an das Unternehmen in kurzer Zeit erfolgt. Im Rahmen der Personalabteilung werden Schulungs- und Entwicklungsaktivit\u00e4ten zur beruflichen Weiterentwicklung durchgef\u00fchrt. Zu diesem Zweck organisierte Schulungsaktivit\u00e4ten k\u00f6nnen in 3 Gruppen erkl\u00e4rt werden:<\/p>\n<p>* Interne Schulungen<\/p>\n<p>* HR-Entwicklungsplan-Schulungen<\/p>\n<p>* Technisches Training<\/p>\n<h4><strong>Performance Management System<\/strong><\/h4>\n<p>Das Performance Management System wird auf alle unsere Mitarbeiter angewendet, um die im Einklang mit der Vision, der Mission und den strategischen Zielen von \u015eafakMakina erstellten Gesch\u00e4ftsziele und -kompetenzen sowie ein leistungsorientiertes Arbeitskonzept zu st\u00e4rken und die Entwicklung der Mitarbeiter sicherzustellen. Die Hauptziele unseres Performance Management Systems sind:<\/p>\n<p>* Erreichen der Unternehmensziele mit kontinuierlichem Feedback<\/p>\n<p>* Aufbau der konstruktiven und offene Beziehungen zwischen F\u00fchrungskr\u00e4ften und Mitarbeitern<\/p>\n<p>* Erschaffung einer kontinuierlichen Entwicklungskultur in \u015eafakMakina allgemein<\/p>\n<p>* Bewertung unserer Mitarbeiter anhand genauer und objektiver Kriterien<\/p>\n<h2><strong>Soziale Aktivit\u00e4ten<\/strong><\/h2>\n<p>F\u00fcr die Mitarbeiter des Unternehmens werden einmal im Jahr soziale Aktivit\u00e4ten organisiert, und zweimal im Jahr wird eine gemeinsame Essensorganisation mit den Familien unserer Mitarbeiter organisiert. Es befinden sich Tennistische, Tischfu\u00dfball- und Billardtische, Bibliotheks- und Cafeteria-Bereiche zur Verf\u00fcgung, damit unsere Mitarbeiter w\u00e4hrend der Ruhezeiten Sozialdienste in Anspruch nehmen k\u00f6nnen.<\/p>\n<h3><strong>Sportliche Aktivit\u00e4ten<\/strong><\/h3>\n<p>* Fu\u00dfballturnier<\/p>\n<p>* Tischtennisturnier<\/p>\n<p>* Backgammon-, Billard- und Tischfu\u00dfball-Turniere<\/p>\n<h2><strong>Gesundheitsdienste<\/strong><\/h2>\n<p>Es gibt einen Arbeitsplatzarzt in unserem Unternehmen durch den 5 Tage die Woche, Gesundheitsprobleme unserer Mitarbeiter behandelt werden. Neu eingestelltes Personal muss entsprechend seiner Abteilung hinsichtlich seiner Gesundheit untersucht werden. Dar\u00fcber hinaus schult unser Arzt unsere Mitarbeiter zu Arbeitsschutz-, Erste-Hilfe- und Ern\u00e4hrungsfragen oder \u00fcberwacht die innerbetrieblichen Schulungen und stellt die erforderlichen Antr\u00e4ge.<\/p>\n<p>Die Nahrungsmittellisten werden monatlich erstellt und die Einhaltung der Hygienebedingungen wird kontinuierlich \u00fcberwacht. Die Ohr-, Lungen- und Augenkontrolluntersuchungen der Mitarbeiter werden regelm\u00e4\u00dfig einmal im Jahr durchgef\u00fchrt und auch die Eignung der Chemikalien f\u00fcr das IS\u0130G wird gepr\u00fcft.<\/p>\n","protected":false},"excerpt":{"rendered":"<p>Karrierereise Ausbildung &amp; Entwicklung Die Schulungsprogramme sind zu verschiedenen Themen organisiert, um die pers\u00f6nliche Entwicklung zu unterst\u00fctzen, die F\u00e4higkeiten und Kompetenzen unserer Mitarbeiter zu entwickeln, ein Umfeld zu schaffen, in dem sie ihre Erfahrungen austauschen k\u00f6nnen, und Bewusstsein und Synergien zu schaffen. F\u00fcr neu eingestellte Mitarbeiter wird ein Orientierungsprogramm organisiert, dessen Anpassung an das Unternehmen [&hellip;]<\/p>\n","protected":false},"author":1,"featured_media":0,"parent":0,"menu_order":0,"comment_status":"closed","ping_status":"closed","template":"pages\/page-full.php","meta":{"footnotes":""},"_links":{"self":[{"href":"https:\/\/www.safak.com\/de\/wp-json\/wp\/v2\/pages\/535"}],"collection":[{"href":"https:\/\/www.safak.com\/de\/wp-json\/wp\/v2\/pages"}],"about":[{"href":"https:\/\/www.safak.com\/de\/wp-json\/wp\/v2\/types\/page"}],"author":[{"embeddable":true,"href":"https:\/\/www.safak.com\/de\/wp-json\/wp\/v2\/users\/1"}],"replies":[{"embeddable":true,"href":"https:\/\/www.safak.com\/de\/wp-json\/wp\/v2\/comments?post=535"}],"version-history":[{"count":15,"href":"https:\/\/www.safak.com\/de\/wp-json\/wp\/v2\/pages\/535\/revisions"}],"predecessor-version":[{"id":2188,"href":"https:\/\/www.safak.com\/de\/wp-json\/wp\/v2\/pages\/535\/revisions\/2188"}],"wp:attachment":[{"href":"https:\/\/www.safak.com\/de\/wp-json\/wp\/v2\/media?parent=535"}],"curies":[{"name":"wp","href":"https:\/\/api.w.org\/{rel}","templated":true}]}}