{"id":70,"date":"2018-09-15T13:14:46","date_gmt":"2018-09-15T10:14:46","guid":{"rendered":"http:\/\/demo.safirtema.com\/denge\/?page_id=70"},"modified":"2024-05-23T16:10:30","modified_gmt":"2024-05-23T13:10:30","slug":"uber-uns","status":"publish","type":"page","link":"https:\/\/www.safak.com\/de\/uber-uns\/","title":{"rendered":"\u00dcber Uns"},"content":{"rendered":"\t\t<div data-elementor-type=\"wp-post\" data-elementor-id=\"70\" class=\"elementor elementor-70\">\n\t\t\t\t\t\t<section class=\"elementor-section elementor-top-section elementor-element elementor-element-38393f33 elementor-section-boxed elementor-section-height-default elementor-section-height-default\" data-id=\"38393f33\" data-element_type=\"section\">\n\t\t\t\t\t\t<div class=\"elementor-container elementor-column-gap-default\">\n\t\t\t\t\t<div class=\"elementor-column elementor-col-100 elementor-top-column elementor-element elementor-element-6279149c\" data-id=\"6279149c\" data-element_type=\"column\">\n\t\t\t<div class=\"elementor-widget-wrap elementor-element-populated\">\n\t\t\t\t\t\t<div class=\"elementor-element elementor-element-3c97873a elementor-widget elementor-widget-text-editor\" data-id=\"3c97873a\" data-element_type=\"widget\" data-widget_type=\"text-editor.default\">\n\t\t\t\t<div class=\"elementor-widget-container\">\n\t\t\t\t\t\t\t\t\t\r\n\r\n\t\t\t<div class=\"descriptionbox desk\">\r\n\t\t\t\t<div class=\"inner\"><span class=\"safiricon icon\"><svg class=\"safiricon-anlasma\"><use href=\"#safiricon-anlasma\"><\/use><\/svg><\/span><div class=\"header\">\u015eafak Makina Yedek Par\u00e7a San. ve Tic. A.\u015e.<\/div>\r\n\t\t\t\t\t<div class=\"content\">Die Geschichte \u00fcber Stabilit\u00e4t, Ausdauer und Erfolg von der Vergangenheit bis in die Gegenwart&#8230;<\/div>\r\n\t\t\t\t<\/div>\r\n\t\t\t<\/div>\r\n\r\n\t\t\n\n<img fetchpriority=\"high\" decoding=\"async\" class=\"wp-image-2141 size-large aligncenter\" src=\"https:\/\/www.safak.com\/de\/wp-content\/uploads\/2024\/05\/safak-makine-tanitim-04.webp\" alt=\"\" width=\"1024\" height=\"588\" \/>\n\n\r\n\r\n\t\t\t<div class=\"mainHeading\"><span class=\"safiricon icon\"><svg class=\"safiricon-duyuru\"><use href=\"#safiricon-duyuru\"><\/use><\/svg><\/span><div class=\"title\">Die Geschichte \u00fcber Stabilit\u00e4t, Ausdauer und Erfolg von der Vergangenheit bis in die Gegenwart&#8230;<\/div>\r\n\t\t\t<\/div>\r\n\r\n\t\t\n\n\u015eAFAK MAK\u0130NA Yedek Par\u00e7a San. ve Tic. A.\u015e. wurde 1955 von Herrn Fethi \u00c7ATALAY in Istanbul gegr\u00fcndet.\u00a0Die Produktion begann 1955 mit einer einzigen Drehmaschine. Mit der zweiten Generation mit D\u00fcndar \u00c7ATALAY, Serdar \u00c7ATALAY und Erdal \u00c7ATALAY begann das Unternehmen 1979 einen Entwicklungs- und Wachstumsprozess. \u015eAFAK MACHINERY A.\u015e. zog in 1998 in sein neues Werk in Samand\u0131ra, Istanbul auf einer geschlossenen Fl\u00e4che von 10.500 m2 um und wurde zu einer integrierten Anlage. Unsere Fabrik, die ihren Wachstumsprozess fortsetzt, setzt ihre Fertigungsprozesse im Jahr 2018 in ihrer neuen Fabrik mit 30.000 m2 geschlossener Fl\u00e4che im organisierten Industriegebiet von D\u00fczce fort. Unser Unternehmen stellt weltweit mehr als 2500 verschiedene Produkte f\u00fcr die Automobil- und Traktorindustrie her.\nUnsere Fabrik stellt Hoch- und Niederdruckverschl\u00fcsse, Rohrschlauchleitungen, Klimaanlagen-, Kraftstoff- und Bremsleitungsbaugruppen, Kompressoren f\u00fcr Nutzfahrzeuge, Bremsauslassventile, spezielle Motorteile und Fl\u00fcgelbaugruppen sowie Ford Transit V184 Vakuumpumpe her.\nUnser Unternehmen entwickelt seine Produktionskapazit\u00e4ten gem\u00e4\u00df den Kundenerwartungen mit CNC-Bearbeitungen, Rohrbiegemaschinenparks und Schmiede- und Beschichtungsunterst\u00fctzungseinrichtungen weiter. Es bietet seine eigene Technologie auf dem Weltmarkt an, indem es seine mit Forschungs- und Entwicklungsstudien entwickelt und hergestellten Maschinen nicht nur f\u00fcr sich selbst verwendet. Die sch\u00f6nsten Beispiele daf\u00fcr sind CNC-Rohrbiegemaschinen, PLC-Endformmaschinen und CNC-Drehmaschinen.\n\n\r\n\r\n\t\t\t<div class=\"mainHeading\"><span class=\"safiricon icon\"><svg class=\"safiricon-kurumsal\"><use href=\"#safiricon-kurumsal\"><\/use><\/svg><\/span><div class=\"title\">\u015eafak Makina Pr\u00e4sentationsfilm<\/div>\r\n\t\t\t<\/div>\r\n\r\n\t\t\n\n<iframe title=\"YouTube video player\" src=\"https:\/\/www.youtube.com\/embed\/WTNuXEBSzTM?si=yDFcgNmruCCLrRE9\" width=\"560\" height=\"550\" frameborder=\"0\" allowfullscreen=\"allowfullscreen\"><\/iframe>\n\n&nbsp;\n\n\r\n\r\n\t\t\t<div class=\"safir-list\">\r\n\t\t\t\n<ul>\n \t<li>Das Null-Fehler-Prinzip im Produktionsprozess wid jederzeit beachtet.<\/li>\n \t<li>60 Jahre Erfahrung.<\/li>\n \t<li>Reibungslose logistische Unterst\u00fctzung.<\/li>\n \t<li>Forschung und Entwicklung<\/li>\n<\/ul>\n\r\n\t\t\t<\/div>\r\n\r\n\t\t\n\n&nbsp;\n\n\r\n\r\n\t\t\t<div class=\"mainHeading\"><span class=\"safiricon icon\"><svg class=\"safiricon-soru\"><use href=\"#safiricon-soru\"><\/use><\/svg><\/span><div class=\"title\">Standorte<\/div>\r\n\t\t\t<\/div>\r\n\r\n\t\t\n\n\r\n\r\n\t\t\t<div class=\"safir-faq\">\r\n\t\t\t\t<div class=\"question\"><span class=\"safiricon icon\"><svg class=\"safiricon-soru\"><use href=\"#safiricon-soru\"><\/use><\/svg><\/span><span class=\"text\">\u015eAFAK OTOMOT\u0130V HAUPTSITZ<\/span><div class=\"openclose plus\"><\/div><\/div>\r\n\t\t\t\t<div class=\"answer\"><strong>Lokasyon:<\/strong> Ata\u015fehir \/ \u0130stanbul<\/div>\r\n\t\t\t<\/div>\r\n\r\n\t\t\n\r\n\r\n\t\t\t<div class=\"safir-faq\">\r\n\t\t\t\t<div class=\"question\"><span class=\"safiricon icon\"><svg class=\"safiricon-soru\"><use href=\"#safiricon-soru\"><\/use><\/svg><\/span><span class=\"text\">D\u00dcZCE-FABRIK<\/span><div class=\"openclose plus\"><\/div><\/div>\r\n\t\t\t\t<div class=\"answer\"><strong>Lokasyon:<\/strong> D\u00fczce\n<strong>Kapsam:<\/strong> 30.000 Metrekare<\/div>\r\n\t\t\t<\/div>\r\n\r\n\t\t\n\r\n\r\n\t\t\t<div class=\"safir-faq\">\r\n\t\t\t\t<div class=\"question\"><span class=\"safiricon icon\"><svg class=\"safiricon-soru\"><use href=\"#safiricon-soru\"><\/use><\/svg><\/span><span class=\"text\">SFK-BESCHICHTUNGSFABRIK<\/span><div class=\"openclose plus\"><\/div><\/div>\r\n\t\t\t\t<div class=\"answer\"><strong>Lokasyon:<\/strong> D\u00fczce\n<strong>Kapsam:<\/strong> 1.000 Metrekare<\/div>\r\n\t\t\t<\/div>\r\n\r\n\t\t\n\r\n\r\n\t\t\t<div class=\"safir-faq\">\r\n\t\t\t\t<div class=\"question\"><span class=\"safiricon icon\"><svg class=\"safiricon-soru\"><use href=\"#safiricon-soru\"><\/use><\/svg><\/span><span class=\"text\">\u015eAFAK OTOMOT\u0130V DEUTSCHLAND LAGER<\/span><div class=\"openclose plus\"><\/div><\/div>\r\n\t\t\t\t<div class=\"answer\"><strong>Lokasyon:<\/strong> Stuttgart \/ Almanya\n<strong>Kapsam:<\/strong> Rental, Lila Lojistik<\/div>\r\n\t\t\t<\/div>\r\n\r\n\t\t\t\t\t\t\t\t\t\t<\/div>\n\t\t\t\t<\/div>\n\t\t\t\t\t<\/div>\n\t\t<\/div>\n\t\t\t\t\t<\/div>\n\t\t<\/section>\n\t\t\t\t<\/div>\n\t\t","protected":false},"excerpt":{"rendered":"<p>\u015eAFAK MAK\u0130NA Yedek Par\u00e7a San. ve Tic. A.\u015e. wurde 1955 von Herrn Fethi \u00c7ATALAY in Istanbul gegr\u00fcndet.\u00a0Die Produktion begann 1955 mit einer einzigen Drehmaschine. Mit der zweiten Generation mit D\u00fcndar \u00c7ATALAY, Serdar \u00c7ATALAY und Erdal \u00c7ATALAY begann das Unternehmen 1979 einen Entwicklungs- und Wachstumsprozess. \u015eAFAK MACHINERY A.\u015e. zog in 1998 in sein neues Werk in [&hellip;]<\/p>\n","protected":false},"author":1,"featured_media":0,"parent":0,"menu_order":0,"comment_status":"closed","ping_status":"closed","template":"pages\/page-full.php","meta":{"footnotes":""},"_links":{"self":[{"href":"https:\/\/www.safak.com\/de\/wp-json\/wp\/v2\/pages\/70"}],"collection":[{"href":"https:\/\/www.safak.com\/de\/wp-json\/wp\/v2\/pages"}],"about":[{"href":"https:\/\/www.safak.com\/de\/wp-json\/wp\/v2\/types\/page"}],"author":[{"embeddable":true,"href":"https:\/\/www.safak.com\/de\/wp-json\/wp\/v2\/users\/1"}],"replies":[{"embeddable":true,"href":"https:\/\/www.safak.com\/de\/wp-json\/wp\/v2\/comments?post=70"}],"version-history":[{"count":89,"href":"https:\/\/www.safak.com\/de\/wp-json\/wp\/v2\/pages\/70\/revisions"}],"predecessor-version":[{"id":2419,"href":"https:\/\/www.safak.com\/de\/wp-json\/wp\/v2\/pages\/70\/revisions\/2419"}],"wp:attachment":[{"href":"https:\/\/www.safak.com\/de\/wp-json\/wp\/v2\/media?parent=70"}],"curies":[{"name":"wp","href":"https:\/\/api.w.org\/{rel}","templated":true}]}}