{"id":1200,"date":"2018-12-10T14:47:25","date_gmt":"2018-12-10T11:47:25","guid":{"rendered":"https:\/\/www.safak.com\/en\/aldigimiz-oduller-copy\/"},"modified":"2020-01-07T13:38:39","modified_gmt":"2020-01-07T10:38:39","slug":"aldigimiz-oduller","status":"publish","type":"page","link":"https:\/\/www.safak.com\/en\/aldigimiz-oduller\/","title":{"rendered":"Ald\u0131\u011f\u0131m\u0131z \u00d6d\u00fcller"},"content":{"rendered":"\t\t<div data-elementor-type=\"wp-post\" data-elementor-id=\"1200\" class=\"elementor elementor-1200 elementor-bc-flex-widget\">\n\t\t\t\t\t\t<section class=\"elementor-section elementor-top-section elementor-element elementor-element-7465b77 elementor-section-boxed elementor-section-height-default elementor-section-height-default\" data-id=\"7465b77\" data-element_type=\"section\" data-e-type=\"section\">\n\t\t\t\t\t\t<div class=\"elementor-container elementor-column-gap-default\">\n\t\t\t\t\t<div class=\"elementor-column elementor-col-100 elementor-top-column elementor-element elementor-element-4cc0219d\" data-id=\"4cc0219d\" data-element_type=\"column\" data-e-type=\"column\">\n\t\t\t<div class=\"elementor-widget-wrap elementor-element-populated\">\n\t\t\t\t\t\t<div class=\"elementor-element elementor-element-1734a0a7 elementor-widget elementor-widget-shortcode\" data-id=\"1734a0a7\" data-element_type=\"widget\" data-e-type=\"widget\" data-widget_type=\"shortcode.default\">\n\t\t\t\t<div class=\"elementor-widget-container\">\n\t\t\t\t\t\t\t<div class=\"elementor-shortcode\">\n\t\t<style>\n\t\t\t#gallery-1 {\n\t\t\t\tmargin: auto;\n\t\t\t}\n\t\t\t#gallery-1 .gallery-item {\n\t\t\t\tfloat: left;\n\t\t\t\tmargin-top: 10px;\n\t\t\t\ttext-align: center;\n\t\t\t\twidth: 33%;\n\t\t\t}\n\t\t\t#gallery-1 img {\n\t\t\t\tborder: 2px solid #cfcfcf;\n\t\t\t}\n\t\t\t#gallery-1 .gallery-caption {\n\t\t\t\tmargin-left: 0;\n\t\t\t}\n\t\t\t\/* see gallery_shortcode() in wp-includes\/media.php *\/\n\t\t<\/style>\n\t\t<div id='gallery-1' class='gallery galleryid-1200 gallery-columns-3 gallery-size-medium'><dl class='gallery-item'>\n\t\t\t<dt class='gallery-icon landscape'>\n\t\t\t\t<a href='https:\/\/www.safak.com\/en\/safak-makina-odul-01\/'><img fetchpriority=\"high\" decoding=\"async\" width=\"300\" height=\"200\" src=\"https:\/\/www.safak.com\/en\/wp-content\/uploads\/2018\/12\/safak-makina-\u00f6d\u00fcl-01-300x200.jpg\" class=\"attachment-medium size-medium\" alt=\"\" srcset=\"https:\/\/www.safak.com\/en\/wp-content\/uploads\/2018\/12\/safak-makina-\u00f6d\u00fcl-01-300x200.jpg 300w, https:\/\/www.safak.com\/en\/wp-content\/uploads\/2018\/12\/safak-makina-\u00f6d\u00fcl-01-768x512.jpg 768w, https:\/\/www.safak.com\/en\/wp-content\/uploads\/2018\/12\/safak-makina-\u00f6d\u00fcl-01.jpg 1000w\" sizes=\"(max-width: 300px) 100vw, 300px\" \/><\/a>\n\t\t\t<\/dt><\/dl><dl class='gallery-item'>\n\t\t\t<dt class='gallery-icon landscape'>\n\t\t\t\t<a href='https:\/\/www.safak.com\/en\/safak-makina-odul-02\/'><img decoding=\"async\" width=\"300\" height=\"200\" src=\"https:\/\/www.safak.com\/en\/wp-content\/uploads\/2018\/12\/safak-makina-\u00f6d\u00fcl-02-300x200.jpg\" class=\"attachment-medium size-medium\" alt=\"\" srcset=\"https:\/\/www.safak.com\/en\/wp-content\/uploads\/2018\/12\/safak-makina-\u00f6d\u00fcl-02-300x200.jpg 300w, https:\/\/www.safak.com\/en\/wp-content\/uploads\/2018\/12\/safak-makina-\u00f6d\u00fcl-02-768x512.jpg 768w, https:\/\/www.safak.com\/en\/wp-content\/uploads\/2018\/12\/safak-makina-\u00f6d\u00fcl-02.jpg 1000w\" sizes=\"(max-width: 300px) 100vw, 300px\" \/><\/a>\n\t\t\t<\/dt><\/dl><dl class='gallery-item'>\n\t\t\t<dt class='gallery-icon landscape'>\n\t\t\t\t<a href='https:\/\/www.safak.com\/en\/safak-makina-odul-03\/'><img decoding=\"async\" width=\"300\" height=\"200\" src=\"https:\/\/www.safak.com\/en\/wp-content\/uploads\/2018\/12\/safak-makina-\u00f6d\u00fcl-03-300x200.jpg\" class=\"attachment-medium size-medium\" alt=\"\" srcset=\"https:\/\/www.safak.com\/en\/wp-content\/uploads\/2018\/12\/safak-makina-\u00f6d\u00fcl-03-300x200.jpg 300w, https:\/\/www.safak.com\/en\/wp-content\/uploads\/2018\/12\/safak-makina-\u00f6d\u00fcl-03-768x512.jpg 768w, https:\/\/www.safak.com\/en\/wp-content\/uploads\/2018\/12\/safak-makina-\u00f6d\u00fcl-03.jpg 1000w\" sizes=\"(max-width: 300px) 100vw, 300px\" \/><\/a>\n\t\t\t<\/dt><\/dl><br style=\"clear: both\" \/><dl class='gallery-item'>\n\t\t\t<dt class='gallery-icon landscape'>\n\t\t\t\t<a href='https:\/\/www.safak.com\/en\/safak-makina-odul-04\/'><img loading=\"lazy\" decoding=\"async\" width=\"300\" height=\"200\" src=\"https:\/\/www.safak.com\/en\/wp-content\/uploads\/2018\/12\/safak-makina-\u00f6d\u00fcl-04-300x200.jpg\" class=\"attachment-medium size-medium\" alt=\"\" srcset=\"https:\/\/www.safak.com\/en\/wp-content\/uploads\/2018\/12\/safak-makina-\u00f6d\u00fcl-04-300x200.jpg 300w, https:\/\/www.safak.com\/en\/wp-content\/uploads\/2018\/12\/safak-makina-\u00f6d\u00fcl-04-768x512.jpg 768w, https:\/\/www.safak.com\/en\/wp-content\/uploads\/2018\/12\/safak-makina-\u00f6d\u00fcl-04.jpg 1000w\" sizes=\"(max-width: 300px) 100vw, 300px\" \/><\/a>\n\t\t\t<\/dt><\/dl><dl class='gallery-item'>\n\t\t\t<dt class='gallery-icon landscape'>\n\t\t\t\t<a href='https:\/\/www.safak.com\/en\/safak-makina-odul-05\/'><img loading=\"lazy\" decoding=\"async\" width=\"300\" height=\"200\" src=\"https:\/\/www.safak.com\/en\/wp-content\/uploads\/2018\/12\/safak-makina-\u00f6d\u00fcl-05-300x200.jpg\" class=\"attachment-medium size-medium\" alt=\"\" srcset=\"https:\/\/www.safak.com\/en\/wp-content\/uploads\/2018\/12\/safak-makina-\u00f6d\u00fcl-05-300x200.jpg 300w, https:\/\/www.safak.com\/en\/wp-content\/uploads\/2018\/12\/safak-makina-\u00f6d\u00fcl-05-768x512.jpg 768w, https:\/\/www.safak.com\/en\/wp-content\/uploads\/2018\/12\/safak-makina-\u00f6d\u00fcl-05.jpg 1000w\" sizes=\"(max-width: 300px) 100vw, 300px\" \/><\/a>\n\t\t\t<\/dt><\/dl><dl class='gallery-item'>\n\t\t\t<dt class='gallery-icon landscape'>\n\t\t\t\t<a href='https:\/\/www.safak.com\/en\/safak-makina-odul-07\/'><img loading=\"lazy\" decoding=\"async\" width=\"300\" height=\"200\" src=\"https:\/\/www.safak.com\/en\/wp-content\/uploads\/2018\/12\/safak-makina-\u00f6d\u00fcl-07-300x200.jpg\" class=\"attachment-medium size-medium\" alt=\"\" srcset=\"https:\/\/www.safak.com\/en\/wp-content\/uploads\/2018\/12\/safak-makina-\u00f6d\u00fcl-07-300x200.jpg 300w, https:\/\/www.safak.com\/en\/wp-content\/uploads\/2018\/12\/safak-makina-\u00f6d\u00fcl-07-768x512.jpg 768w, https:\/\/www.safak.com\/en\/wp-content\/uploads\/2018\/12\/safak-makina-\u00f6d\u00fcl-07.jpg 1000w\" sizes=\"(max-width: 300px) 100vw, 300px\" \/><\/a>\n\t\t\t<\/dt><\/dl><br style=\"clear: both\" \/><dl class='gallery-item'>\n\t\t\t<dt class='gallery-icon landscape'>\n\t\t\t\t<a href='https:\/\/www.safak.com\/en\/safak-makina-odul-08\/'><img loading=\"lazy\" decoding=\"async\" width=\"300\" height=\"200\" src=\"https:\/\/www.safak.com\/en\/wp-content\/uploads\/2018\/12\/safak-makina-\u00f6d\u00fcl-08-300x200.jpg\" class=\"attachment-medium size-medium\" alt=\"\" srcset=\"https:\/\/www.safak.com\/en\/wp-content\/uploads\/2018\/12\/safak-makina-\u00f6d\u00fcl-08-300x200.jpg 300w, https:\/\/www.safak.com\/en\/wp-content\/uploads\/2018\/12\/safak-makina-\u00f6d\u00fcl-08-768x512.jpg 768w, https:\/\/www.safak.com\/en\/wp-content\/uploads\/2018\/12\/safak-makina-\u00f6d\u00fcl-08.jpg 1000w\" sizes=\"(max-width: 300px) 100vw, 300px\" \/><\/a>\n\t\t\t<\/dt><\/dl><dl class='gallery-item'>\n\t\t\t<dt class='gallery-icon landscape'>\n\t\t\t\t<a href='https:\/\/www.safak.com\/en\/safak-makina-odul-09\/'><img loading=\"lazy\" decoding=\"async\" width=\"300\" height=\"200\" src=\"https:\/\/www.safak.com\/en\/wp-content\/uploads\/2018\/12\/safak-makina-\u00f6d\u00fcl-09-300x200.jpg\" class=\"attachment-medium size-medium\" alt=\"\" srcset=\"https:\/\/www.safak.com\/en\/wp-content\/uploads\/2018\/12\/safak-makina-\u00f6d\u00fcl-09-300x200.jpg 300w, https:\/\/www.safak.com\/en\/wp-content\/uploads\/2018\/12\/safak-makina-\u00f6d\u00fcl-09-768x512.jpg 768w, https:\/\/www.safak.com\/en\/wp-content\/uploads\/2018\/12\/safak-makina-\u00f6d\u00fcl-09.jpg 1000w\" sizes=\"(max-width: 300px) 100vw, 300px\" \/><\/a>\n\t\t\t<\/dt><\/dl>\n\t\t\t<br style='clear: both' \/>\n\t\t<\/div>\n<\/div>\n\t\t\t\t\t\t<\/div>\n\t\t\t\t<\/div>\n\t\t\t\t\t<\/div>\n\t\t<\/div>\n\t\t\t\t\t<\/div>\n\t\t<\/section>\n\t\t\t\t<\/div>\n\t\t","protected":false},"excerpt":{"rendered":"","protected":false},"author":1,"featured_media":0,"parent":0,"menu_order":0,"comment_status":"closed","ping_status":"closed","template":"pages\/page-full.php","meta":{"_themeisle_gutenberg_block_has_review":false,"footnotes":""},"class_list":["post-1200","page","type-page","status-publish","hentry"],"_links":{"self":[{"href":"https:\/\/www.safak.com\/en\/wp-json\/wp\/v2\/pages\/1200","targetHints":{"allow":["GET"]}}],"collection":[{"href":"https:\/\/www.safak.com\/en\/wp-json\/wp\/v2\/pages"}],"about":[{"href":"https:\/\/www.safak.com\/en\/wp-json\/wp\/v2\/types\/page"}],"author":[{"embeddable":true,"href":"https:\/\/www.safak.com\/en\/wp-json\/wp\/v2\/users\/1"}],"replies":[{"embeddable":true,"href":"https:\/\/www.safak.com\/en\/wp-json\/wp\/v2\/comments?post=1200"}],"version-history":[{"count":1,"href":"https:\/\/www.safak.com\/en\/wp-json\/wp\/v2\/pages\/1200\/revisions"}],"predecessor-version":[{"id":1206,"href":"https:\/\/www.safak.com\/en\/wp-json\/wp\/v2\/pages\/1200\/revisions\/1206"}],"wp:attachment":[{"href":"https:\/\/www.safak.com\/en\/wp-json\/wp\/v2\/media?parent=1200"}],"curies":[{"name":"wp","href":"https:\/\/api.w.org\/{rel}","templated":true}]}}