{"id":70,"date":"2018-09-15T13:14:46","date_gmt":"2018-09-15T10:14:46","guid":{"rendered":"http:\/\/demo.safirtema.com\/denge\/?page_id=70"},"modified":"2024-05-22T11:59:18","modified_gmt":"2024-05-22T08:59:18","slug":"about-us","status":"publish","type":"page","link":"https:\/\/www.safak.com\/en\/about-us\/","title":{"rendered":"About us"},"content":{"rendered":"\t\t<div data-elementor-type=\"wp-post\" data-elementor-id=\"70\" class=\"elementor elementor-70\">\n\t\t\t\t\t\t<section class=\"elementor-section elementor-top-section elementor-element elementor-element-38393f33 elementor-section-boxed elementor-section-height-default elementor-section-height-default\" data-id=\"38393f33\" data-element_type=\"section\" data-e-type=\"section\">\n\t\t\t\t\t\t<div class=\"elementor-container elementor-column-gap-default\">\n\t\t\t\t\t<div class=\"elementor-column elementor-col-100 elementor-top-column elementor-element elementor-element-6279149c\" data-id=\"6279149c\" data-element_type=\"column\" data-e-type=\"column\">\n\t\t\t<div class=\"elementor-widget-wrap elementor-element-populated\">\n\t\t\t\t\t\t<div class=\"elementor-element elementor-element-3c97873a elementor-widget elementor-widget-text-editor\" data-id=\"3c97873a\" data-element_type=\"widget\" data-e-type=\"widget\" data-widget_type=\"text-editor.default\">\n\t\t\t\t<div class=\"elementor-widget-container\">\n\t\t\t\t\t\t\t\t\t\r\n\r\n\t\t\t<div class=\"descriptionbox desk\">\r\n\t\t\t\t<div class=\"inner\"><span class=\"safiricon icon\"><svg class=\"safiricon-anlasma\"><use href=\"#safiricon-anlasma\"><\/use><\/svg><\/span><div class=\"header\">\u015eafak Makina Yedek Par\u00e7a San. ve Tic. A.\u015e.<\/div>\r\n\t\t\t\t\t<div class=\"content\">The story of stability, perseverance and success from past to present &#8230;<\/div>\r\n\t\t\t\t<\/div>\r\n\t\t\t<\/div>\r\n\r\n\t\t\n\n<img fetchpriority=\"high\" decoding=\"async\" src=\"https:\/\/www.safak.com\/en\/wp-content\/uploads\/2024\/05\/safak-makine-tanitim-04.webp\" alt=\"\" width=\"1024\" height=\"588\" \/>\n\n\r\n\r\n\t\t\t<div class=\"mainHeading\"><span class=\"safiricon icon\"><svg class=\"safiricon-duyuru\"><use href=\"#safiricon-duyuru\"><\/use><\/svg><\/span><div class=\"title\">The story of stability, perseverance and success from past to present &#8230;<\/div>\r\n\t\t\t<\/div>\r\n\r\n\t\t\n\nSAFAK MAK\u0130NA Yedek Parca San. ve Tic. A.S. was founded in \u0130stanbul in 1955 by Mr. Fethi CATALAY. The production, which started in 1955 with a single turning machine, further expanded and developed in 1979 when the second generation took the helm with Dundar CATALAY, Serdar CATALAY and Erdal CATALAY. In 1998, SAFAK MAKINA A.S. relocated to its new premises built over 10.500 m<sup>2<\/sup> indoor space in Samandira, Istanbul and thus became an integrated plant. Our factory, which continues its growth process, continues its manufacturing processes in 2018 at its new factory with 30.000 m<sup>2<\/sup> indoor area in Duzce organized industrial zone.\n\nOur company manufactures more than 2500 different products for automotive and tractor primary industries all over the world.\n\nOur factory manufactures fittings operating at high and low pressures, pipe hose assemblies, air conditioning, fuel and brake pipe assemblies, commercial vehicle compressors, brake exhaust valves, special engine parts and camshaft group assemblies, Ford transit V184 vacuum pump.\n\nOur company continues to develop its production capability in line with the customer expectations by means of CNC Machining, Tube Bending Machine parks and Forging, Coating support facilities. He does not use the machinery designed and manufactured by means of R&amp;D works but rather it delivers its own technology to the world market. The best examples include CNC tube bending, PLC end forming and CNC turning machines.\n\n\r\n\r\n\t\t\t<div class=\"mainHeading\"><span class=\"safiricon icon\"><svg class=\"safiricon-kurumsal\"><use href=\"#safiricon-kurumsal\"><\/use><\/svg><\/span><div class=\"title\">Safak Makina Introduction Film<\/div>\r\n\t\t\t<\/div>\r\n\r\n\t\t\n\n<iframe title=\"YouTube video player\" src=\"https:\/\/www.youtube.com\/embed\/WTNuXEBSzTM?si=yDFcgNmruCCLrRE9\" width=\"560\" height=\"550\" frameborder=\"0\" allowfullscreen=\"allowfullscreen\"><\/iframe>\n\n\r\n\r\n\t\t\t<div class=\"safir-list\">\r\n\t\t\t\n<ul>\n \t<li>Always, the principle of zero error in production process.<\/li>\n \t<li>60 Years of experience.<\/li>\n \t<li>Smooth logistic support.<\/li>\n \t<li>Research &amp; Development<\/li>\n<\/ul>\n\r\n\t\t\t<\/div>\r\n\r\n\t\t\n\n\r\n\r\n\t\t\t<div class=\"mainHeading\"><span class=\"safiricon icon\"><svg class=\"safiricon-soru\"><use href=\"#safiricon-soru\"><\/use><\/svg><\/span><div class=\"title\">Locations<\/div>\r\n\t\t\t<\/div>\r\n\r\n\t\t\n\n\r\n\r\n\t\t\t<div class=\"safir-faq\">\r\n\t\t\t\t<div class=\"question\"><span class=\"safiricon icon\"><svg class=\"safiricon-soru\"><use href=\"#safiricon-soru\"><\/use><\/svg><\/span><span class=\"text\"><strong>SAFAK AUTOMOTIVE HEAD OFFICE<\/strong><\/span><div class=\"openclose plus\"><\/div><\/div>\r\n\t\t\t\t<div class=\"answer\"><strong>Lokasyon:<\/strong> Ata\u015fehir \/ \u0130stanbul<\/div>\r\n\t\t\t<\/div>\r\n\r\n\t\t\n\n\r\n\r\n\t\t\t<div class=\"safir-faq\">\r\n\t\t\t\t<div class=\"question\"><span class=\"safiricon icon\"><svg class=\"safiricon-soru\"><use href=\"#safiricon-soru\"><\/use><\/svg><\/span><span class=\"text\"><strong>DUZCE FACTORY<\/strong><\/span><div class=\"openclose plus\"><\/div><\/div>\r\n\t\t\t\t<div class=\"answer\"><strong>Lokasyon:<\/strong> D\u00fczce\n<strong>Kapsam:<\/strong> 30.000 Metrekare<\/div>\r\n\t\t\t<\/div>\r\n\r\n\t\t\n\n\r\n\r\n\t\t\t<div class=\"safir-faq\">\r\n\t\t\t\t<div class=\"question\"><span class=\"safiricon icon\"><svg class=\"safiricon-soru\"><use href=\"#safiricon-soru\"><\/use><\/svg><\/span><span class=\"text\"><strong>SFK COATING FACTORY<\/strong><\/span><div class=\"openclose plus\"><\/div><\/div>\r\n\t\t\t\t<div class=\"answer\"><strong>Lokasyon:<\/strong> D\u00fczce\n<strong>Kapsam:<\/strong> 1.000 Metrekare<\/div>\r\n\t\t\t<\/div>\r\n\r\n\t\t\n\n\r\n\r\n\t\t\t<div class=\"safir-faq\">\r\n\t\t\t\t<div class=\"question\"><span class=\"safiricon icon\"><svg class=\"safiricon-soru\"><use href=\"#safiricon-soru\"><\/use><\/svg><\/span><span class=\"text\"><strong>SAFAK AUTOMOTIVE GERMANY WAREHOUSE<\/strong><\/span><div class=\"openclose plus\"><\/div><\/div>\r\n\t\t\t\t<div class=\"answer\"><strong>Lokasyon:<\/strong> Stuttgart \/ Almanya\n<strong>Kapsam:<\/strong> Rental, Lila Lojistik<\/div>\r\n\t\t\t<\/div>\r\n\r\n\t\t\t\t\t\t\t\t\t\t<\/div>\n\t\t\t\t<\/div>\n\t\t\t\t\t<\/div>\n\t\t<\/div>\n\t\t\t\t\t<\/div>\n\t\t<\/section>\n\t\t\t\t<\/div>\n\t\t","protected":false},"excerpt":{"rendered":"<p>SAFAK MAK\u0130NA Yedek Parca San. ve Tic. A.S. was founded in \u0130stanbul in 1955 by Mr. Fethi CATALAY. The production, which started in 1955 with a single turning machine, further expanded and developed in 1979 when the second generation took the helm with Dundar CATALAY, Serdar CATALAY and Erdal CATALAY. In 1998, SAFAK MAKINA A.S. [&hellip;]<\/p>\n","protected":false},"author":1,"featured_media":0,"parent":0,"menu_order":0,"comment_status":"closed","ping_status":"closed","template":"pages\/page-full.php","meta":{"_themeisle_gutenberg_block_has_review":false,"footnotes":""},"class_list":["post-70","page","type-page","status-publish","hentry"],"_links":{"self":[{"href":"https:\/\/www.safak.com\/en\/wp-json\/wp\/v2\/pages\/70","targetHints":{"allow":["GET"]}}],"collection":[{"href":"https:\/\/www.safak.com\/en\/wp-json\/wp\/v2\/pages"}],"about":[{"href":"https:\/\/www.safak.com\/en\/wp-json\/wp\/v2\/types\/page"}],"author":[{"embeddable":true,"href":"https:\/\/www.safak.com\/en\/wp-json\/wp\/v2\/users\/1"}],"replies":[{"embeddable":true,"href":"https:\/\/www.safak.com\/en\/wp-json\/wp\/v2\/comments?post=70"}],"version-history":[{"count":100,"href":"https:\/\/www.safak.com\/en\/wp-json\/wp\/v2\/pages\/70\/revisions"}],"predecessor-version":[{"id":2427,"href":"https:\/\/www.safak.com\/en\/wp-json\/wp\/v2\/pages\/70\/revisions\/2427"}],"wp:attachment":[{"href":"https:\/\/www.safak.com\/en\/wp-json\/wp\/v2\/media?parent=70"}],"curies":[{"name":"wp","href":"https:\/\/api.w.org\/{rel}","templated":true}]}}